{"id":99,"date":"2024-04-10T12:07:27","date_gmt":"2024-04-10T17:07:27","guid":{"rendered":"https:\/\/uio.sbkleague.com\/?page_id=99"},"modified":"2024-04-25T20:14:37","modified_gmt":"2024-04-26T01:14:37","slug":"code-of-conduct","status":"publish","type":"page","link":"https:\/\/uio.sbkleague.com\/index.php\/code-of-conduct\/","title":{"rendered":"C\u00f3digo de Conducta"},"content":{"rendered":"\n<p>La SBK League incentiva el cultivo del respeto, amabilidad y tolerancia durante todos sus eventos.<\/p>\n\n\n\n<p>Todos los que participan en un evento calificado por la SBK League se comprometen a respetar estos valores para garantizar un espacio sociable y seguro para todos.<\/p>\n\n\n\n<p>Los eventos de la SBK League est\u00e1n abiertos a todos, independientemente de la identidad de g\u00e9nero, etnia, orientaci\u00f3n sexual, limitaciones\/necesidades de accesibilidad, apariencia f\u00edsica y creencias religiosas. Sin embargo, la SBK League no tendr\u00e1 tolerancia alguna para cualquier tipo de acoso, hostigamiento y conducta indebida.<\/p>\n\n\n\n<p>Por lo tanto, no se permitir\u00e1 ning\u00fan tipo de violencia, acoso, hostigamientos, conducta indebida, actos inapropiados o comentarios (mis\u00f3ginos, homof\u00f3bicos, sexistas, transf\u00f3bicos, racistas o denigrantes).<\/p>\n\n\n\n<p>Durante todos los eventos de la SBK League, cualquier comportamiento o comentario inapropiado que tenga, por ejemplo, el objetivo de discriminar o intimidar a una persona presente (participantes, voluntarios, profesores, personal, etc.) puede ser reportado a la persona de contacto presente durante el evento en cuesti\u00f3n. La persona de contacto estar\u00e1 disponible para escucharte en caso de incomodidad con una situaci\u00f3n particular o si eres testigo de tal situaci\u00f3n, y podr\u00e1 tomar las medidas necesarias para garantizar el bienestar y la seguridad de todos.<\/p>\n\n\n\n<p>La SBK League se reserva el derecho de tomar las medidas necesarias para garantizar la convivencia y la seguridad de todos durante sus eventos, lo que implica la posibilidad de expulsar a la persona con comportamiento inapropiado, sin ning\u00fan tipo de compensaci\u00f3n. En caso de cualquier acto de violencia, se pueden contactar a las autoridades locales.<\/p>\n\n\n\n<p>Durante todos los eventos de la SBK League los participantes deber\u00e1n abstenerse de pedir informaci\u00f3n de cualquier tipo al p\u00fablico asistente.<\/p>\n\n\n\n<p>Se alienta a los participantes a informar cualquier preocupaci\u00f3n o incidente relacionado con el irrespeto pol\u00edtico o las interrupciones a nuestra persona de contacto designada en el evento. La SBK League se reserva el derecho de tomar medidas apropiadas para abordar cualquier comportamiento que viole nuestro c\u00f3digo de conducta, incluyendo la expulsi\u00f3n sin compensaci\u00f3n.<\/p>\n\n\n\n<p>Al asistir a nuestros eventos, aceptas respetar estos principios y contribuir a una experiencia que celebre la socializaci\u00f3n, diversidad y unidad.<\/p>\n\n\n\n<p>Cualquier persona que participe en un evento organizado por la SBK League se compromete a respetar el lugar (incluyendo el mobiliario) as\u00ed como al personal y voluntarios que se aseguran de que el evento transcurra lo m\u00e1s fluidamente posible para todos.<\/p>\n\n\n\n<p>Durante los sociales, se pide a todos los participantes que dejen su chaqueta y cualquier objeto grande (mochila, maleta, etc.) en el guardarropa.La SBK League no se hace responsable de ning\u00fan objeto perdido durante el evento.<\/p>\n\n\n\n<p>Se solicita a todos los participantes que lleven su identificador a su llegada al evento. Sin el identificador, el acceso al evento, como parte del SBK League, puede ser denegado.<\/p>\n\n\n\n<p>Todos los participantes del evento tambi\u00e9n acuerdan no fumar (incluidos los cigarrillos electr\u00f3nicos) dentro de las instalaciones, excepto en \u00e1reas designadas para fumar.<\/p>\n\n\n\n<p>Cualquier da\u00f1o o incumplimiento de estas reglas puede resultar en un cargo (indemnizaci\u00f3n o cobro) a los responsables.<\/p>\n\n\n\n<p>Cada persona que participa en un evento organizado por la SBK League es responsable en todo momento de su consumo de alcohol.&nbsp;<\/p>\n\n\n\n<p>La SBK League agradece a los participantes de sus eventos que sean conscientes de sus propios l\u00edmites respecto al consumo de alcohol.&nbsp;<\/p>\n\n\n\n<p>La SBK League se reserva el derecho de negar o limitar la participaci\u00f3n de personas que excedan los l\u00edmites de alcoholemia establecidos en las normativas locales.<\/p>\n\n\n\n<p>Cualquier consumo de drogas est\u00e1 prohibido en todo momento durante los eventos de SBK League y constituir\u00e1 una raz\u00f3n para el despido del evento.<\/p>\n\n\n\n<p>Se pide amablemente a todos los bailarines que participan en eventos organizados por la SBK League que respeten los siguientes principios:<\/p>\n\n\n\n<ul class=\"wp-block-list\">\n<li>Cada participante tiene el derecho, en cualquier momento, de rechazar un baile;<\/li>\n\n\n\n<li>Se recomienda ducharse, usar desodorante y cepillarse los dientes regularmente, para su comodidad y la de sus parejas;<\/li>\n\n\n\n<li>Se recomienda traer un cambio de ropa o una toalla para los eventos;<\/li>\n\n\n\n<li>Se recomienda bailar una canci\u00f3n a la vez con cada pareja, se desaconseja bailar canciones seguidas con la misma persona.<\/li>\n\n\n\n<li>Cada participante se asegura de no lastimar a su pareja ni a los dem\u00e1s participantes.<\/li>\n\n\n\n<li>Cada persona es consciente de su entorno mientras baila, especialmente antes de intentar cualquier acrobacia.<\/li>\n\n\n\n<li>Cada participante se asegura de obtener el consentimiento expl\u00edcito de su pareja antes de intentar cualquier acrobacia o cualquier figura que requiera acuerdo mutuo.<\/li>\n<\/ul>\n","protected":false},"excerpt":{"rendered":"<p>La SBK League incentiva el cultivo del respeto, amabilidad y tolerancia durante todos sus eventos. Todos los que participan en un evento calificado por la SBK League se comprometen a respetar estos valores para garantizar un espacio sociable y seguro para todos. Los eventos de la SBK League est\u00e1n abiertos a todos, independientemente de la [&hellip;]<\/p>\n","protected":false},"author":1,"featured_media":0,"parent":0,"menu_order":0,"comment_status":"closed","ping_status":"closed","template":"","meta":{"footnotes":""},"class_list":["post-99","page","type-page","status-publish","hentry"],"_links":{"self":[{"href":"https:\/\/uio.sbkleague.com\/index.php\/wp-json\/wp\/v2\/pages\/99","targetHints":{"allow":["GET"]}}],"collection":[{"href":"https:\/\/uio.sbkleague.com\/index.php\/wp-json\/wp\/v2\/pages"}],"about":[{"href":"https:\/\/uio.sbkleague.com\/index.php\/wp-json\/wp\/v2\/types\/page"}],"author":[{"embeddable":true,"href":"https:\/\/uio.sbkleague.com\/index.php\/wp-json\/wp\/v2\/users\/1"}],"replies":[{"embeddable":true,"href":"https:\/\/uio.sbkleague.com\/index.php\/wp-json\/wp\/v2\/comments?post=99"}],"version-history":[{"count":3,"href":"https:\/\/uio.sbkleague.com\/index.php\/wp-json\/wp\/v2\/pages\/99\/revisions"}],"predecessor-version":[{"id":402,"href":"https:\/\/uio.sbkleague.com\/index.php\/wp-json\/wp\/v2\/pages\/99\/revisions\/402"}],"wp:attachment":[{"href":"https:\/\/uio.sbkleague.com\/index.php\/wp-json\/wp\/v2\/media?parent=99"}],"curies":[{"name":"wp","href":"https:\/\/api.w.org\/{rel}","templated":true}]}}